{"id":100,"date":"2023-11-23T14:17:52","date_gmt":"2023-11-23T20:17:52","guid":{"rendered":"https:\/\/publicidad.devsandbox.ovh\/?page_id=100"},"modified":"2023-11-29T09:31:20","modified_gmt":"2023-11-29T15:31:20","slug":"impresion-y-publicidad","status":"publish","type":"page","link":"https:\/\/puntograficomh.com\/?page_id=100","title":{"rendered":"Impresi\u00f3n y publicidad"},"content":{"rendered":"<p>Ofrece dise\u00f1o y producci\u00f3n de materiales publicitarios impresos y digitales, incluyendo tarjetas de presentaci\u00f3n y volantes, ideales para promoci\u00f3n y marketing.<\/p>\n","protected":false},"excerpt":{"rendered":"<p>Ofrece dise\u00f1o y producci\u00f3n de materiales publicitarios impresos y digitales, incluyendo tarjetas de presentaci\u00f3n y volantes, ideales para promoci\u00f3n y marketing.<\/p>\n","protected":false},"author":3,"featured_media":455,"parent":102,"menu_order":0,"comment_status":"closed","ping_status":"closed","template":"","meta":{"slim_seo":{"title":"Impresi\u00f3n y publicidad - Punto Gr\u00e1fico","description":"Impresi\u00f3n y publicidad Impresi\u00f3n Digital A color, blanco y negro en carta, oficio, y tabloide. Acabados Los acabados generan merma y pueden variar los tiempos d"},"_joinchat":[],"footnotes":""},"class_list":["post-100","page","type-page","status-publish","has-post-thumbnail","hentry"],"meta_box":[],"_links":{"self":[{"href":"https:\/\/puntograficomh.com\/index.php?rest_route=\/wp\/v2\/pages\/100","targetHints":{"allow":["GET"]}}],"collection":[{"href":"https:\/\/puntograficomh.com\/index.php?rest_route=\/wp\/v2\/pages"}],"about":[{"href":"https:\/\/puntograficomh.com\/index.php?rest_route=\/wp\/v2\/types\/page"}],"author":[{"embeddable":true,"href":"https:\/\/puntograficomh.com\/index.php?rest_route=\/wp\/v2\/users\/3"}],"replies":[{"embeddable":true,"href":"https:\/\/puntograficomh.com\/index.php?rest_route=%2Fwp%2Fv2%2Fcomments&post=100"}],"version-history":[{"count":44,"href":"https:\/\/puntograficomh.com\/index.php?rest_route=\/wp\/v2\/pages\/100\/revisions"}],"predecessor-version":[{"id":658,"href":"https:\/\/puntograficomh.com\/index.php?rest_route=\/wp\/v2\/pages\/100\/revisions\/658"}],"up":[{"embeddable":true,"href":"https:\/\/puntograficomh.com\/index.php?rest_route=\/wp\/v2\/pages\/102"}],"wp:featuredmedia":[{"embeddable":true,"href":"https:\/\/puntograficomh.com\/index.php?rest_route=\/wp\/v2\/media\/455"}],"wp:attachment":[{"href":"https:\/\/puntograficomh.com\/index.php?rest_route=%2Fwp%2Fv2%2Fmedia&parent=100"}],"curies":[{"name":"wp","href":"https:\/\/api.w.org\/{rel}","templated":true}]}}