{"id":104,"date":"2023-11-23T14:18:32","date_gmt":"2023-11-23T20:18:32","guid":{"rendered":"https:\/\/publicidad.devsandbox.ovh\/?page_id=104"},"modified":"2023-11-29T09:24:36","modified_gmt":"2023-11-29T15:24:36","slug":"gran-formato","status":"publish","type":"page","link":"https:\/\/puntograficomh.com\/?page_id=104","title":{"rendered":"Gran formato"},"content":{"rendered":"<p>Especializado en impresiones de gran tama\u00f1o como lonas y viniles, perfecto para publicidad exterior, banners y se\u00f1alizaciones de alto impacto visual.<\/p>\n","protected":false},"excerpt":{"rendered":"<p>Especializado en impresiones de gran tama\u00f1o como lonas y viniles, perfecto para publicidad exterior, banners y se\u00f1alizaciones de alto impacto visual.<\/p>\n","protected":false},"author":3,"featured_media":54,"parent":102,"menu_order":0,"comment_status":"closed","ping_status":"closed","template":"","meta":{"slim_seo":{"title":"Gran formato - Punto Gr\u00e1fico","description":"Gran formato Lonas En lonas se cobra m\u00ednimo 1 M2. Producto 720 DPI 1200 DPI M2 Lona Front $ 55.00 $ 120.00 M Lona Mesh Solicitar cotizaci\u00f3n M Lona Back Light So"},"_joinchat":[],"footnotes":""},"class_list":["post-104","page","type-page","status-publish","has-post-thumbnail","hentry"],"meta_box":[],"_links":{"self":[{"href":"https:\/\/puntograficomh.com\/index.php?rest_route=\/wp\/v2\/pages\/104","targetHints":{"allow":["GET"]}}],"collection":[{"href":"https:\/\/puntograficomh.com\/index.php?rest_route=\/wp\/v2\/pages"}],"about":[{"href":"https:\/\/puntograficomh.com\/index.php?rest_route=\/wp\/v2\/types\/page"}],"author":[{"embeddable":true,"href":"https:\/\/puntograficomh.com\/index.php?rest_route=\/wp\/v2\/users\/3"}],"replies":[{"embeddable":true,"href":"https:\/\/puntograficomh.com\/index.php?rest_route=%2Fwp%2Fv2%2Fcomments&post=104"}],"version-history":[{"count":28,"href":"https:\/\/puntograficomh.com\/index.php?rest_route=\/wp\/v2\/pages\/104\/revisions"}],"predecessor-version":[{"id":653,"href":"https:\/\/puntograficomh.com\/index.php?rest_route=\/wp\/v2\/pages\/104\/revisions\/653"}],"up":[{"embeddable":true,"href":"https:\/\/puntograficomh.com\/index.php?rest_route=\/wp\/v2\/pages\/102"}],"wp:featuredmedia":[{"embeddable":true,"href":"https:\/\/puntograficomh.com\/index.php?rest_route=\/wp\/v2\/media\/54"}],"wp:attachment":[{"href":"https:\/\/puntograficomh.com\/index.php?rest_route=%2Fwp%2Fv2%2Fmedia&parent=104"}],"curies":[{"name":"wp","href":"https:\/\/api.w.org\/{rel}","templated":true}]}}