{"id":106,"date":"2023-11-23T14:18:39","date_gmt":"2023-11-23T20:18:39","guid":{"rendered":"https:\/\/publicidad.devsandbox.ovh\/?page_id=106"},"modified":"2023-11-29T09:26:46","modified_gmt":"2023-11-29T15:26:46","slug":"sublimacion","status":"publish","type":"page","link":"https:\/\/puntograficomh.com\/?page_id=106","title":{"rendered":"Sublimaci\u00f3n"},"content":{"rendered":"<p>T\u00e9cnica de impresi\u00f3n para transferir im\u00e1genes a materiales como tazas y platos, destacando por colores vibrantes y detalles finos, ideal para regalos y art\u00edculos promocionales. Sublimaci\u00f3n en DTF, transfer, corte a registro.<\/p>\n","protected":false},"excerpt":{"rendered":"<p>T\u00e9cnica de impresi\u00f3n para transferir im\u00e1genes a materiales como tazas y platos, destacando por colores vibrantes y detalles finos, ideal para regalos y art\u00edculos promocionales. Sublimaci\u00f3n en DTF, transfer, corte a registro.<\/p>\n","protected":false},"author":3,"featured_media":448,"parent":102,"menu_order":0,"comment_status":"closed","ping_status":"closed","template":"","meta":{"slim_seo":{"title":"Sublimaci\u00f3n - Punto Gr\u00e1fico","description":"Sublimaci\u00f3n Tazas, platos y otros Corte a registro (pre corte, pre suaje) Tela sublimada Producto Precio M2 Sarga, taffetan, razo brillante, razp mate, polisati"},"_joinchat":[],"footnotes":""},"class_list":["post-106","page","type-page","status-publish","has-post-thumbnail","hentry"],"meta_box":[],"_links":{"self":[{"href":"https:\/\/puntograficomh.com\/index.php?rest_route=\/wp\/v2\/pages\/106","targetHints":{"allow":["GET"]}}],"collection":[{"href":"https:\/\/puntograficomh.com\/index.php?rest_route=\/wp\/v2\/pages"}],"about":[{"href":"https:\/\/puntograficomh.com\/index.php?rest_route=\/wp\/v2\/types\/page"}],"author":[{"embeddable":true,"href":"https:\/\/puntograficomh.com\/index.php?rest_route=\/wp\/v2\/users\/3"}],"replies":[{"embeddable":true,"href":"https:\/\/puntograficomh.com\/index.php?rest_route=%2Fwp%2Fv2%2Fcomments&post=106"}],"version-history":[{"count":10,"href":"https:\/\/puntograficomh.com\/index.php?rest_route=\/wp\/v2\/pages\/106\/revisions"}],"predecessor-version":[{"id":656,"href":"https:\/\/puntograficomh.com\/index.php?rest_route=\/wp\/v2\/pages\/106\/revisions\/656"}],"up":[{"embeddable":true,"href":"https:\/\/puntograficomh.com\/index.php?rest_route=\/wp\/v2\/pages\/102"}],"wp:featuredmedia":[{"embeddable":true,"href":"https:\/\/puntograficomh.com\/index.php?rest_route=\/wp\/v2\/media\/448"}],"wp:attachment":[{"href":"https:\/\/puntograficomh.com\/index.php?rest_route=%2Fwp%2Fv2%2Fmedia&parent=106"}],"curies":[{"name":"wp","href":"https:\/\/api.w.org\/{rel}","templated":true}]}}