{"id":108,"date":"2023-11-23T14:18:45","date_gmt":"2023-11-23T20:18:45","guid":{"rendered":"https:\/\/publicidad.devsandbox.ovh\/?page_id=108"},"modified":"2023-11-29T09:27:12","modified_gmt":"2023-11-29T15:27:12","slug":"tarjetas-y-postales","status":"publish","type":"page","link":"https:\/\/puntograficomh.com\/?page_id=108","title":{"rendered":"Tarjetas y Postales"},"content":{"rendered":"<div class=\"flex-1 overflow-hidden\">\n<div class=\"react-scroll-to-bottom--css-dukht-79elbk h-full\">\n<div class=\"react-scroll-to-bottom--css-dukht-1n7m0yu\">\n<div class=\"flex flex-col text-sm gizmo:pb-9 dark:bg-gray-800 gizmo:dark:bg-transparent\">\n<div class=\"w-full text-token-text-primary border-b border-black\/10 gizmo:border-0 dark:border-gray-900\/50 gizmo:dark:border-0 bg-gray-50 gizmo:bg-transparent dark:bg-[#444654] gizmo:dark:bg-transparent\" data-testid=\"conversation-turn-20\">\n<div class=\"p-4 gizmo:py-2 justify-center text-base md:gap-6 md:py-6 m-auto\">\n<div class=\"flex flex-1 gap-4 text-base mx-auto md:gap-6 gizmo:gap-3 gizmo:md:px-5 gizmo:lg:px-1 gizmo:xl:px-5 md:max-w-2xl lg:max-w-[38rem] gizmo:md:max-w-3xl gizmo:lg:max-w-[40rem] gizmo:xl:max-w-[48rem] xl:max-w-3xl } group final-completion\">\n<div class=\"relative flex w-[calc(100%-50px)] flex-col gizmo:w-full lg:w-[calc(100%-115px)] agent-turn\">\n<div class=\"flex-col gap-1 md:gap-3\">\n<div class=\"flex flex-grow flex-col max-w-full gap-3 gizmo:gap-0\">\n<div class=\"min-h-[20px] text-message flex flex-col items-start gap-3 whitespace-pre-wrap break-words [.text-message+&amp;]:mt-5 overflow-x-auto\" data-message-author-role=\"assistant\" data-message-id=\"37d97039-e675-4210-967b-57c15a1d06e5\">\n<div class=\"markdown prose w-full break-words dark:prose-invert dark\">\n<p>Laminado mate para protecci\u00f3n y est\u00e9tica de impresiones. Producci\u00f3n de credenciales PVC duraderas para identificaciones empresariales y membres\u00edas.<\/p>\n<\/div>\n<\/div>\n<\/div>\n<\/div>\n<\/div>\n<\/div>\n<\/div>\n<\/div>\n<\/div>\n<\/div>\n<\/div>\n<\/div>\n","protected":false},"excerpt":{"rendered":"<p>Laminado mate para protecci\u00f3n y est\u00e9tica de impresiones. Producci\u00f3n de credenciales PVC duraderas para identificaciones empresariales y membres\u00edas.<\/p>\n","protected":false},"author":3,"featured_media":440,"parent":102,"menu_order":0,"comment_status":"closed","ping_status":"closed","template":"","meta":{"slim_seo":{"title":"Tarjetas y Postales - Punto Gr\u00e1fico","description":"Tarjetas y Postales Tarjetas Todo texto e imagen debe ir dentro del recuadro punteado para evitar que sea cortado por guillotina dejando 3mm de rebase de afuera"},"_joinchat":[],"footnotes":""},"class_list":["post-108","page","type-page","status-publish","has-post-thumbnail","hentry"],"meta_box":[],"_links":{"self":[{"href":"https:\/\/puntograficomh.com\/index.php?rest_route=\/wp\/v2\/pages\/108","targetHints":{"allow":["GET"]}}],"collection":[{"href":"https:\/\/puntograficomh.com\/index.php?rest_route=\/wp\/v2\/pages"}],"about":[{"href":"https:\/\/puntograficomh.com\/index.php?rest_route=\/wp\/v2\/types\/page"}],"author":[{"embeddable":true,"href":"https:\/\/puntograficomh.com\/index.php?rest_route=\/wp\/v2\/users\/3"}],"replies":[{"embeddable":true,"href":"https:\/\/puntograficomh.com\/index.php?rest_route=%2Fwp%2Fv2%2Fcomments&post=108"}],"version-history":[{"count":23,"href":"https:\/\/puntograficomh.com\/index.php?rest_route=\/wp\/v2\/pages\/108\/revisions"}],"predecessor-version":[{"id":657,"href":"https:\/\/puntograficomh.com\/index.php?rest_route=\/wp\/v2\/pages\/108\/revisions\/657"}],"up":[{"embeddable":true,"href":"https:\/\/puntograficomh.com\/index.php?rest_route=\/wp\/v2\/pages\/102"}],"wp:featuredmedia":[{"embeddable":true,"href":"https:\/\/puntograficomh.com\/index.php?rest_route=\/wp\/v2\/media\/440"}],"wp:attachment":[{"href":"https:\/\/puntograficomh.com\/index.php?rest_route=%2Fwp%2Fv2%2Fmedia&parent=108"}],"curies":[{"name":"wp","href":"https:\/\/api.w.org\/{rel}","templated":true}]}}