{"id":134,"date":"2023-11-23T17:20:01","date_gmt":"2023-11-23T23:20:01","guid":{"rendered":"https:\/\/publicidad.devsandbox.ovh\/?page_id=134"},"modified":"2025-08-08T13:52:22","modified_gmt":"2025-08-08T19:52:22","slug":"facturacion-electronica","status":"publish","type":"page","link":"https:\/\/puntograficomh.com\/?page_id=134","title":{"rendered":"Facturaci\u00f3n Electr\u00f3nica"},"content":{"rendered":"","protected":false},"excerpt":{"rendered":"","protected":false},"author":3,"featured_media":131,"parent":0,"menu_order":0,"comment_status":"closed","ping_status":"closed","template":"","meta":{"slim_seo":{"title":"Facturaci\u00f3n Electr\u00f3nica - Punto Gr\u00e1fico","description":"Facturaci\u00f3n Electr\u00f3nica Sistema de facturaci\u00f3n en l\u00ednea \u00a1Tu mejor opci\u00f3n! PUNTO GR\u00c1FICO, es el sistema que le garantiza dar soluci\u00f3n a todas tus necesidades de"},"_joinchat":[],"footnotes":""},"class_list":["post-134","page","type-page","status-publish","has-post-thumbnail","hentry"],"meta_box":[],"_links":{"self":[{"href":"https:\/\/puntograficomh.com\/index.php?rest_route=\/wp\/v2\/pages\/134","targetHints":{"allow":["GET"]}}],"collection":[{"href":"https:\/\/puntograficomh.com\/index.php?rest_route=\/wp\/v2\/pages"}],"about":[{"href":"https:\/\/puntograficomh.com\/index.php?rest_route=\/wp\/v2\/types\/page"}],"author":[{"embeddable":true,"href":"https:\/\/puntograficomh.com\/index.php?rest_route=\/wp\/v2\/users\/3"}],"replies":[{"embeddable":true,"href":"https:\/\/puntograficomh.com\/index.php?rest_route=%2Fwp%2Fv2%2Fcomments&post=134"}],"version-history":[{"count":13,"href":"https:\/\/puntograficomh.com\/index.php?rest_route=\/wp\/v2\/pages\/134\/revisions"}],"predecessor-version":[{"id":697,"href":"https:\/\/puntograficomh.com\/index.php?rest_route=\/wp\/v2\/pages\/134\/revisions\/697"}],"wp:featuredmedia":[{"embeddable":true,"href":"https:\/\/puntograficomh.com\/index.php?rest_route=\/wp\/v2\/media\/131"}],"wp:attachment":[{"href":"https:\/\/puntograficomh.com\/index.php?rest_route=%2Fwp%2Fv2%2Fmedia&parent=134"}],"curies":[{"name":"wp","href":"https:\/\/api.w.org\/{rel}","templated":true}]}}