{"id":17,"date":"2023-10-28T14:18:59","date_gmt":"2023-10-28T20:18:59","guid":{"rendered":"https:\/\/bricks.devsandbox.ovh\/?page_id=17"},"modified":"2023-12-01T11:22:02","modified_gmt":"2023-12-01T17:22:02","slug":"home","status":"publish","type":"page","link":"https:\/\/puntograficomh.com\/","title":{"rendered":"Home"},"content":{"rendered":"","protected":false},"excerpt":{"rendered":"","protected":false},"author":3,"featured_media":0,"parent":0,"menu_order":0,"comment_status":"closed","ping_status":"closed","template":"","meta":{"slim_seo":{"title":"Punto Gr\u00e1fico - Dise\u00f1amos todo lo que requieras","description":"Dise\u00f1amos todo lo que requieras Transformamos tus ideas en impresiones y dise\u00f1os excepcionales, destacando tu marca con calidad y creatividad. Cotizar ahora Con"},"_joinchat":[],"footnotes":""},"class_list":["post-17","page","type-page","status-publish","hentry"],"meta_box":[],"_links":{"self":[{"href":"https:\/\/puntograficomh.com\/index.php?rest_route=\/wp\/v2\/pages\/17","targetHints":{"allow":["GET"]}}],"collection":[{"href":"https:\/\/puntograficomh.com\/index.php?rest_route=\/wp\/v2\/pages"}],"about":[{"href":"https:\/\/puntograficomh.com\/index.php?rest_route=\/wp\/v2\/types\/page"}],"author":[{"embeddable":true,"href":"https:\/\/puntograficomh.com\/index.php?rest_route=\/wp\/v2\/users\/3"}],"replies":[{"embeddable":true,"href":"https:\/\/puntograficomh.com\/index.php?rest_route=%2Fwp%2Fv2%2Fcomments&post=17"}],"version-history":[{"count":96,"href":"https:\/\/puntograficomh.com\/index.php?rest_route=\/wp\/v2\/pages\/17\/revisions"}],"predecessor-version":[{"id":682,"href":"https:\/\/puntograficomh.com\/index.php?rest_route=\/wp\/v2\/pages\/17\/revisions\/682"}],"wp:attachment":[{"href":"https:\/\/puntograficomh.com\/index.php?rest_route=%2Fwp%2Fv2%2Fmedia&parent=17"}],"curies":[{"name":"wp","href":"https:\/\/api.w.org\/{rel}","templated":true}]}}